{"id":21151,"date":"2025-09-09T17:31:02","date_gmt":"2025-09-09T14:31:02","guid":{"rendered":"https:\/\/tantsuagentuur.ee\/?page_id=21151"},"modified":"2025-09-09T20:13:58","modified_gmt":"2025-09-09T17:13:58","slug":"revue-theatre","status":"publish","type":"page","link":"https:\/\/tantsuagentuur.ee\/en\/revue-theatre\/","title":{"rendered":"REVUE THEATRE"},"content":{"rendered":"\n\n\t<p><a href=\"#programm\"><strong>CINEMANIA<\/strong><\/a><\/p>\n\t<p><a href=\"#kabareeohtud\"><strong><b>CABARET EVENINGS AT RESTAURANT MERINEITSI<\/b><\/strong><\/a><\/p>\n\t<p><a href=\"#kulalisetendus\"><strong>TOURING PERFORMANCES<\/strong><\/a><\/p>\n\t<p><a href=\"#cabaret\"><strong>STARLIGHT CABARET<\/strong><\/a><\/p>\n\t<p><a href=\"#kontakt\"><strong>CONTACT<\/strong><\/a><\/p>\n\t<p><a href=\"https:\/\/www.youtube.com\/channel\/UCfb51LBrZLCAgzSl4H9_jdg\" target=\"_blank\" rel=\"noopener\"><img decoding=\"async\" src=\"http:\/\/tantsuagentuur.ee\/wp-content\/uploads\/2018\/01\/youtube-icon-1.png\" \/><\/a><\/p>\n\t<p><a href=\"https:\/\/www.facebook.com\/StarlightCabaret\/\" target=\"_blank\" rel=\"noopener\"><img decoding=\"async\" src=\"http:\/\/tantsuagentuur.ee\/wp-content\/uploads\/2018\/01\/facebook-icon.png\" \/><\/a><\/p>\n\t<p><a href=\"https:\/\/www.instagram.com\/starlightcabaret\/\" target=\"_blank\" rel=\"noopener\"><img decoding=\"async\" src=\"http:\/\/tantsuagentuur.ee\/wp-content\/uploads\/2018\/01\/app-icon2.png\" \/><\/a><\/p>\n\t<p><strong>CINEMANIA<\/strong><\/p>\n\t<p><strong>Estonian Dance Agency&#8217;s revue theatre Starlight Cabaret presents a brand-new production &#8211; &#8220;CINEMANIA&#8221;<\/strong><\/p>\n<p>&nbsp;<\/p>\n<p>Movies you love. A story you&#8217;ve never seen before!<\/p>\n<p>Starlight Cabaret invites you on an unforgettable cinematic journey, where every scene and every step is filled with music, sparkle, and emotion! <strong>&#8220;CINEMANIA&#8221;<\/strong> is a captivating tale of love, power, and fame &#8211; full of recognition, unexpected twists, and, just like in every great movie, a happy ending.<\/p>\n<p>&nbsp;<\/p>\n<p>Heartfelt romance and breathtaking drama are brought to life by the dazzling artists of Starlight Cabaret. Starring <strong>K\u00e4rt Anton<\/strong> or <strong>Ketter Orav, Kalle Sepp<\/strong> or <strong>Bert Pringi,<\/strong> and the unforgettable <strong>Ira Haak!<\/strong><\/p>\n<p>Come and experience life as if it were a movie &#8211; you know the songs and the stories, but you&#8217;ve never seen this film before!<\/p>\n<p>&nbsp;<\/p>\n<strong>Premiere: November 21, 2025<\/strong><br \/>\n<strong>Original Sokos Hotel Viru, Restaurant Merineitsi<\/strong>\n<p>&nbsp;<\/p>\n<p><strong>Tickets are already on sale: <a href=\"https:\/\/viru.ee\/\">www.viru.ee<\/a> and <a href=\"https:\/\/www.piletilevi.ee\/piletid\/T4P2KHWGSW\/hotell-viru-ja-starlight-cabaret-esitlevad-cinemania\">www.piletilevi.ee<\/a><\/strong><\/p>\n\t<p><a href=\"\/en\/revuuteater\/revue-theatre-program\">Read more<\/a><\/p>\n\t<p><strong><b>CABARET EVENINGS AT RESTAURANT MERINEITSI<\/b><\/strong><\/p>\n\t<p><strong>Cabaret evenings at Restaurant Merineitsi will once again welcome guests this autumn, when on November 21 the brand-new revue show &#8220;CINEMANIA&#8221; will premiere!<\/strong><\/p>\n<p>&nbsp;<\/p>\n<p>A glamorous feast for the senses &#8211; both on stage and on the table &#8211; offers world-class entertainment at Estonia&#8217;s only permanent cabaret, the <strong>Original Sokos Hotel Viru Show &amp; Dinner Restaurant Merineitsi.<\/strong><\/p>\n<p>&nbsp;<\/p>\nThe cabaret evenings take place from November to February on weekends, starting at 7:00 PM.<br \/>\nOn stage, the magnificent singers and dancers of <strong>Starlight Cabaret<\/strong>, who have already captured the hearts of audiences forever.\n<p>&nbsp;<\/p>\n<p>At the table, you&#8217;ll be treated to the \u00e0 la carte creations of the Merineitsi Restaurant&#8217;s <strong>Chef de Cuisine<\/strong>, perfectly paired with wines selected by a team of Estonia&#8217;s top sommeliers.<\/p>\n<p>&nbsp;<\/p>\n<p>Surprise your friends and colleagues with an unforgettable evening!<\/p>\n<p><strong>\u00a0<\/strong><\/p>\n<p><strong>Tickets are already on sale: <a href=\"https:\/\/viru.ee\/\">www.viru.ee<\/a> and <a href=\"https:\/\/www.piletilevi.ee\/piletid\/T4P2KHWGSW\/hotell-viru-ja-starlight-cabaret-esitlevad-cinemania\">www.piletilevi.ee<\/a><\/strong><\/p>\n\t<p><a href=\"\/en\/revuuteater\/revue-theatre-merineitsis\/\">Read more<\/a><\/p>\n\t<p><strong>TOURING PERFORMANCES<\/strong><\/p>\n\t<p>Our tours so far have been wonderful successes thanks to you &#8211; vibrant events with a warm welcome! We would definitely love to experience this again.<\/p>\n<p>&nbsp;<\/p>\nIf interested, please contact:<br \/>\n<strong>Liisi Org<\/strong><br \/>\nliisi@tantsuagentuur.ee<br \/>\ntel. +372 524 4723\n\t\t\t\t<img decoding=\"async\" src=\"https:\/\/tantsuagentuur.ee\/wp-content\/plugins\/beaver-builder-lite-version\/img\/pixel.png\" alt=\"\" itemprop=\"image\" onerror=\"this.style.display='none'\" loading=\"lazy\" \/>\n\t<p><b>REVUE THEATRE STARLIGHT CABARET<\/b><\/p>\n\t\t<iframe loading=\"lazy\" width=\"560\" height=\"315\" src=\"https:\/\/www.youtube.com\/embed\/8NjhthpSXCA\" frameborder=\"0\" allow=\"autoplay; encrypted-media\" allowfullscreen><\/iframe>\t\n\t<p>Starlight Cabaret brings together professional dancers from the Estonian Dance Agency, with over 25 years of experience in the field.<\/p>\n<p>&nbsp;<\/p>\n<p>Our revue theatre features some of the best performers and production professionals. Our mission is to keep the cabaret tradition alive in Estonia.<\/p>\n<p>&nbsp;<\/p>\n<p>Since 2009, our home stage has been the Merineitsi restaurant at Original Sokos Hotel Viru. All our shows there have been exclusive, professional, and unique to the venue.<\/p>\n<p>&nbsp;<\/p>\n<p><strong>Glamour Express<\/strong> (2009) &#8211; A journey through different countries<\/p>\n<p><strong>Legends of Times<\/strong> (2011) &#8211; Focused on the history of the Viru Hotel<\/p>\n<p><strong>Time After Times<\/strong> (2013) &#8211; A retro tribute for the 15th anniversary of the Estonian Dance Agency<\/p>\n<p><strong>Life is a Cabaret<\/strong> (2014) &#8211; A documentary-style show about Estonian cabaret icon Kalju Saareke<\/p>\n<p><strong>Forever Young<\/strong> (2016) &#8211; Celebrating Estonia&#8217;s 100th birthday<\/p>\n<p><strong>Cr\u00e8me de la Cr\u00e8me<\/strong> (2019) &#8211; A &#8220;best of&#8221; from 10 years of Starlight Cabaret<\/p>\n<p><strong>The GreatEST Show<\/strong> (2022) &#8211; A celebration of global music hits<\/p>\n\t<p><strong>CONTACT<\/strong><\/p>\n\t<b>Estonian Dance Agency&#8217;s revue theatre Starlight Cabaret address:<br \/>\n<\/b>Hobujaama 12, 10117 Tallinn\n<hr \/>\n<strong><br \/>\n<\/strong><strong>Artistic director:<\/strong><br \/>\nLiisi Org<br \/>\nliisi@tantsuagentuur.ee<br \/>\ntel. +372 524 4723\n<strong><br \/>\nThank you for permission to use the photos on the website:<\/strong> Ekaterina Soorsk, Gerli Raadik, Eero Vabam\u00e4gi, Harry Tiits, Maris Savik<strong><br \/>\n<\/strong>\n\t\t\t\t<img decoding=\"async\" src=\"http:\/\/tantsuagentuur.ee\/wp-content\/uploads\/2018\/01\/Starl_logo_uus-1024x760.jpg\" alt=\"Starl_logo_uus\" itemprop=\"image\" title=\"Starl_logo_uus\" onerror=\"this.style.display='none'\" loading=\"lazy\" \/>\n\t<iframe src=\"https:\/\/www.google.com\/maps\/embed?pb=!1m18!1m12!1m3!1d2028.6681176589111!2d24.757191616380602!3d59.43860958169726!2m3!1f0!2f0!3f0!3m2!1i1024!2i768!4f13.1!3m3!1m2!1s0x46929360afb330e9%3A0x32f0bf69611339b3!2sHobujaama%2012%2C%2010151%20Tallinn!5e0!3m2!1set!2see!4v1639503137942!5m2!1set!2see\" width=\"100%\" height=\"450\" allowfullscreen=\"\" loading=\"lazy\"><\/iframe>\n\n","protected":false},"excerpt":{"rendered":"<p>CINEMANIA CABARET EVENINGS AT RESTAURANT MERINEITSI TOURING PERFORMANCES STARLIGHT CABARET CONTACT CINEMANIA Estonian Dance Agency&#8217;s revue theatre Starlight Cabaret presents a brand-new production &#8211; &#8220;CINEMANIA&#8221; &nbsp; Movies you love. A story you&#8217;ve never seen before! Starlight Cabaret invites you on an unforgettable cinematic journey, where every scene and every step is filled with music, sparkle, and emotion! &#8220;CINEMANIA&#8221; is a captivating tale of love, power, and fame &#8211; full of recognition, unexpected twists, and, just like in every great movie, a happy ending. &nbsp; Heartfelt romance and breathtaking drama are brought to life by the dazzling artists of Starlight Cabaret. Starring K\u00e4rt Anton or Ketter Orav, Kalle Sepp or Bert Pringi, and the unforgettable Ira Haak! Come and experience life&#8230;<\/p>\n","protected":false},"author":5,"featured_media":0,"parent":0,"menu_order":0,"comment_status":"closed","ping_status":"closed","template":"full-width-page.php","meta":{"_monsterinsights_skip_tracking":false,"_monsterinsights_sitenote_active":false,"_monsterinsights_sitenote_note":"","_monsterinsights_sitenote_category":0,"footnotes":""},"class_list":["post-21151","page","type-page","status-publish","hentry"],"yoast_head":"<!-- This site is optimized with the Yoast SEO plugin v27.4 - https:\/\/yoast.com\/product\/yoast-seo-wordpress\/ -->\n<title>REVUE THEATRE - Eesti Tantsuagentuur<\/title>\n<meta name=\"description\" content=\"Legendaarse rev\u00fc\u00fcteatri Starlight Cabaret v\u00f5rratud kabaree\u00f5htud toimuvad Original Sokos Hotel Viru restoran Merineitsis.\" \/>\n<meta name=\"robots\" content=\"index, follow, max-snippet:-1, max-image-preview:large, max-video-preview:-1\" \/>\n<link rel=\"canonical\" href=\"https:\/\/tantsuagentuur.ee\/en\/revue-theatre\/\" \/>\n<meta property=\"og:locale\" content=\"en_US\" \/>\n<meta property=\"og:type\" content=\"article\" \/>\n<meta property=\"og:title\" content=\"REVUE THEATRE - Eesti Tantsuagentuur\" \/>\n<meta property=\"og:description\" content=\"Legendaarse rev\u00fc\u00fcteatri Starlight Cabaret v\u00f5rratud kabaree\u00f5htud toimuvad Original Sokos Hotel Viru restoran Merineitsis.\" \/>\n<meta property=\"og:url\" content=\"https:\/\/tantsuagentuur.ee\/en\/revue-theatre\/\" \/>\n<meta property=\"og:site_name\" content=\"Eesti Tantsuagentuur\" \/>\n<meta property=\"article:modified_time\" content=\"2025-09-09T17:13:58+00:00\" \/>\n<meta property=\"og:image\" content=\"http:\/\/tantsuagentuur.ee\/wp-content\/uploads\/2018\/01\/youtube-icon-1.png\" \/>\n<meta name=\"twitter:card\" content=\"summary_large_image\" \/>\n<meta name=\"twitter:label1\" content=\"Est. reading time\" \/>\n\t<meta name=\"twitter:data1\" content=\"19 minutes\" \/>\n<script type=\"application\/ld+json\" class=\"yoast-schema-graph\">{\"@context\":\"https:\\\/\\\/schema.org\",\"@graph\":[{\"@type\":\"WebPage\",\"@id\":\"https:\\\/\\\/tantsuagentuur.ee\\\/en\\\/revue-theatre\\\/\",\"url\":\"https:\\\/\\\/tantsuagentuur.ee\\\/en\\\/revue-theatre\\\/\",\"name\":\"REVUE THEATRE - Eesti Tantsuagentuur\",\"isPartOf\":{\"@id\":\"https:\\\/\\\/tantsuagentuur.ee\\\/#website\"},\"primaryImageOfPage\":{\"@id\":\"https:\\\/\\\/tantsuagentuur.ee\\\/en\\\/revue-theatre\\\/#primaryimage\"},\"image\":{\"@id\":\"https:\\\/\\\/tantsuagentuur.ee\\\/en\\\/revue-theatre\\\/#primaryimage\"},\"thumbnailUrl\":\"http:\\\/\\\/tantsuagentuur.ee\\\/wp-content\\\/uploads\\\/2018\\\/01\\\/youtube-icon-1.png\",\"datePublished\":\"2025-09-09T14:31:02+00:00\",\"dateModified\":\"2025-09-09T17:13:58+00:00\",\"description\":\"Legendaarse rev\u00fc\u00fcteatri Starlight Cabaret v\u00f5rratud kabaree\u00f5htud toimuvad Original Sokos Hotel Viru restoran Merineitsis.\",\"breadcrumb\":{\"@id\":\"https:\\\/\\\/tantsuagentuur.ee\\\/en\\\/revue-theatre\\\/#breadcrumb\"},\"inLanguage\":\"en-US\",\"potentialAction\":[{\"@type\":\"ReadAction\",\"target\":[\"https:\\\/\\\/tantsuagentuur.ee\\\/en\\\/revue-theatre\\\/\"]}]},{\"@type\":\"ImageObject\",\"inLanguage\":\"en-US\",\"@id\":\"https:\\\/\\\/tantsuagentuur.ee\\\/en\\\/revue-theatre\\\/#primaryimage\",\"url\":\"http:\\\/\\\/tantsuagentuur.ee\\\/wp-content\\\/uploads\\\/2018\\\/01\\\/youtube-icon-1.png\",\"contentUrl\":\"http:\\\/\\\/tantsuagentuur.ee\\\/wp-content\\\/uploads\\\/2018\\\/01\\\/youtube-icon-1.png\"},{\"@type\":\"BreadcrumbList\",\"@id\":\"https:\\\/\\\/tantsuagentuur.ee\\\/en\\\/revue-theatre\\\/#breadcrumb\",\"itemListElement\":[{\"@type\":\"ListItem\",\"position\":1,\"name\":\"Home\",\"item\":\"https:\\\/\\\/tantsuagentuur.ee\\\/en\\\/\"},{\"@type\":\"ListItem\",\"position\":2,\"name\":\"REVUE THEATRE\"}]},{\"@type\":\"WebSite\",\"@id\":\"https:\\\/\\\/tantsuagentuur.ee\\\/#website\",\"url\":\"https:\\\/\\\/tantsuagentuur.ee\\\/\",\"name\":\"Eesti Tantsuagentuur\",\"description\":\"Eesti Tantsuagentuur\",\"potentialAction\":[{\"@type\":\"SearchAction\",\"target\":{\"@type\":\"EntryPoint\",\"urlTemplate\":\"https:\\\/\\\/tantsuagentuur.ee\\\/?s={search_term_string}\"},\"query-input\":{\"@type\":\"PropertyValueSpecification\",\"valueRequired\":true,\"valueName\":\"search_term_string\"}}],\"inLanguage\":\"en-US\"}]}<\/script>\n<!-- \/ Yoast SEO plugin. -->","yoast_head_json":{"title":"REVUE THEATRE - Eesti Tantsuagentuur","description":"Legendaarse rev\u00fc\u00fcteatri Starlight Cabaret v\u00f5rratud kabaree\u00f5htud toimuvad Original Sokos Hotel Viru restoran Merineitsis.","robots":{"index":"index","follow":"follow","max-snippet":"max-snippet:-1","max-image-preview":"max-image-preview:large","max-video-preview":"max-video-preview:-1"},"canonical":"https:\/\/tantsuagentuur.ee\/en\/revue-theatre\/","og_locale":"en_US","og_type":"article","og_title":"REVUE THEATRE - Eesti Tantsuagentuur","og_description":"Legendaarse rev\u00fc\u00fcteatri Starlight Cabaret v\u00f5rratud kabaree\u00f5htud toimuvad Original Sokos Hotel Viru restoran Merineitsis.","og_url":"https:\/\/tantsuagentuur.ee\/en\/revue-theatre\/","og_site_name":"Eesti Tantsuagentuur","article_modified_time":"2025-09-09T17:13:58+00:00","og_image":[{"url":"http:\/\/tantsuagentuur.ee\/wp-content\/uploads\/2018\/01\/youtube-icon-1.png","type":"","width":"","height":""}],"twitter_card":"summary_large_image","twitter_misc":{"Est. reading time":"19 minutes"},"schema":{"@context":"https:\/\/schema.org","@graph":[{"@type":"WebPage","@id":"https:\/\/tantsuagentuur.ee\/en\/revue-theatre\/","url":"https:\/\/tantsuagentuur.ee\/en\/revue-theatre\/","name":"REVUE THEATRE - Eesti Tantsuagentuur","isPartOf":{"@id":"https:\/\/tantsuagentuur.ee\/#website"},"primaryImageOfPage":{"@id":"https:\/\/tantsuagentuur.ee\/en\/revue-theatre\/#primaryimage"},"image":{"@id":"https:\/\/tantsuagentuur.ee\/en\/revue-theatre\/#primaryimage"},"thumbnailUrl":"http:\/\/tantsuagentuur.ee\/wp-content\/uploads\/2018\/01\/youtube-icon-1.png","datePublished":"2025-09-09T14:31:02+00:00","dateModified":"2025-09-09T17:13:58+00:00","description":"Legendaarse rev\u00fc\u00fcteatri Starlight Cabaret v\u00f5rratud kabaree\u00f5htud toimuvad Original Sokos Hotel Viru restoran Merineitsis.","breadcrumb":{"@id":"https:\/\/tantsuagentuur.ee\/en\/revue-theatre\/#breadcrumb"},"inLanguage":"en-US","potentialAction":[{"@type":"ReadAction","target":["https:\/\/tantsuagentuur.ee\/en\/revue-theatre\/"]}]},{"@type":"ImageObject","inLanguage":"en-US","@id":"https:\/\/tantsuagentuur.ee\/en\/revue-theatre\/#primaryimage","url":"http:\/\/tantsuagentuur.ee\/wp-content\/uploads\/2018\/01\/youtube-icon-1.png","contentUrl":"http:\/\/tantsuagentuur.ee\/wp-content\/uploads\/2018\/01\/youtube-icon-1.png"},{"@type":"BreadcrumbList","@id":"https:\/\/tantsuagentuur.ee\/en\/revue-theatre\/#breadcrumb","itemListElement":[{"@type":"ListItem","position":1,"name":"Home","item":"https:\/\/tantsuagentuur.ee\/en\/"},{"@type":"ListItem","position":2,"name":"REVUE THEATRE"}]},{"@type":"WebSite","@id":"https:\/\/tantsuagentuur.ee\/#website","url":"https:\/\/tantsuagentuur.ee\/","name":"Eesti Tantsuagentuur","description":"Eesti Tantsuagentuur","potentialAction":[{"@type":"SearchAction","target":{"@type":"EntryPoint","urlTemplate":"https:\/\/tantsuagentuur.ee\/?s={search_term_string}"},"query-input":{"@type":"PropertyValueSpecification","valueRequired":true,"valueName":"search_term_string"}}],"inLanguage":"en-US"}]}},"_links":{"self":[{"href":"https:\/\/tantsuagentuur.ee\/en\/wp-json\/wp\/v2\/pages\/21151","targetHints":{"allow":["GET"]}}],"collection":[{"href":"https:\/\/tantsuagentuur.ee\/en\/wp-json\/wp\/v2\/pages"}],"about":[{"href":"https:\/\/tantsuagentuur.ee\/en\/wp-json\/wp\/v2\/types\/page"}],"author":[{"embeddable":true,"href":"https:\/\/tantsuagentuur.ee\/en\/wp-json\/wp\/v2\/users\/5"}],"replies":[{"embeddable":true,"href":"https:\/\/tantsuagentuur.ee\/en\/wp-json\/wp\/v2\/comments?post=21151"}],"version-history":[{"count":12,"href":"https:\/\/tantsuagentuur.ee\/en\/wp-json\/wp\/v2\/pages\/21151\/revisions"}],"predecessor-version":[{"id":21174,"href":"https:\/\/tantsuagentuur.ee\/en\/wp-json\/wp\/v2\/pages\/21151\/revisions\/21174"}],"wp:attachment":[{"href":"https:\/\/tantsuagentuur.ee\/en\/wp-json\/wp\/v2\/media?parent=21151"}],"curies":[{"name":"wp","href":"https:\/\/api.w.org\/{rel}","templated":true}]}}