{"id":21172,"date":"2025-09-09T20:13:26","date_gmt":"2025-09-09T17:13:26","guid":{"rendered":"https:\/\/tantsuagentuur.ee\/?page_id=21172"},"modified":"2025-09-09T23:10:10","modified_gmt":"2025-09-09T20:10:10","slug":"revue-theatre-merineitsis","status":"publish","type":"page","link":"https:\/\/tantsuagentuur.ee\/en\/revue-theatre-merineitsis\/","title":{"rendered":"MERINEITSIS"},"content":{"rendered":"\n\n\t<p><a href=\"https:\/\/tantsuagentuur.ee\/en\/revue-theatre\/\"><strong>STARLIGHT CABARET<\/strong><\/a><\/p>\n\t<p><strong>Starlight Cabaret&#8217;s Home Stage: Restaurant Merineitsi at Original Sokos Hotel Viru<\/strong><\/p>\n<p>&nbsp;<\/p>\n<p>The legendary glamour meets modern elegance in a pearl-toned setting &#8211; <strong>Show &amp; Dinner Restaurant Merineitsi<\/strong> offers a high-class entertainment experience and a symphony of exquisite flavors on the second floor of <strong>Original Sokos Hotel Viru.<\/strong><\/p>\n<p>&nbsp;<\/p>\n<p><strong>Cabaret Nights at Merineitsi Restaurant<\/strong><\/p>\n<p>Take place <strong>on weekends from November to February<\/strong>, starting at 7:00pm.<\/p>\n<p>&nbsp;<\/p>\n<p><strong>EVENING SCHEDULE<\/strong><\/p>\n<ul>\n<li><strong>Doors open at 7:00pm<\/strong>, all guests are kindly asked to arrive no later than 7:15pm.<\/li>\n<li>Throughout the evening, <strong>Merineitsi&#8217;s gourmet chefs<\/strong> will serve a delicious <strong>three-course \u00e0 la carte dinner<\/strong><\/li>\n<li>The <strong>revue show<\/strong> unfolds between the dinner courses<\/li>\n<li>After the show, guests are welcome to <strong>continue the evening at Caf\u00e9 Amigo nightclub<\/strong> (open according to club hours)<\/li>\n<\/ul>\n<p><strong>Price from \u20ac119<\/strong><\/p>\n<p><strong>Included in the price:<\/strong><\/p>\n<ul>\n<li><strong>A welcome glass of sparkling wine<\/strong><\/li>\n<li><strong>The revue performance<\/strong><\/li>\n<li><strong>A three-course \u00e0 la carte dinner<\/strong><\/li>\n<li><strong><\/strong><strong>Admission to Caf\u00e9 Amigo nightclub (on club opening nights)<\/strong>&nbsp;<\/li>\n<\/ul>\n<hr \/>\n<p><strong>DRESS CODE: FORMAL<\/strong><\/p>\n<p>Cabaret evenings will run <strong>from November 21, 2025, to February 21, 2026<\/strong>, in accordance with the official program schedule.<\/p>\n<p>&nbsp;<\/p>\n<hr \/>\n<strong>Tickets:<\/strong><br \/>\nAvailable via online ticket sales at: <a href=\"https:\/\/viru.ee\/\">www.viru.ee<\/a>\u00a0and\u00a0<a href=\"https:\/\/www.piletilevi.ee\/piletid\/T4P2KHWGSW\/hotell-viru-ja-starlight-cabaret-esitlevad-cinemania\">www.piletilevi.ee<\/a>\n<p>&nbsp;<\/p>\n<hr \/>\n<p>&nbsp;<\/p>\n<strong>Information &amp; Reservations:<br \/>\n<\/strong><br \/>\nOriginal Sokos Hotel Viru Sales Department<br \/>\n\ud83d\udcde +372 680 9300<br \/>\n\ud83d\udce7 <a href=\"mailto:viru.reservation@sok.fi\">viru.reservation@sok.fi<\/a><br \/>\n\ud83d\udccd Viru v\u00e4ljak 4, 10111 Tallinn, Estonia<br \/>\n\ud83c\udf10 <a href=\"https:\/\/www.sokoshotels.fi\/et\/hotellid\/tallinn\">www.sokoshotels.ee<\/a>\n<p>&nbsp;<\/p>\n\t\t\t\t<img decoding=\"async\" src=\"http:\/\/tantsuagentuur.ee\/wp-content\/uploads\/2018\/03\/74a31a04-7417-41c7-a9fd-1c26566c3d47.png\" alt=\"74a31a04-7417-41c7-a9fd-1c26566c3d47\" itemprop=\"image\" title=\"74a31a04-7417-41c7-a9fd-1c26566c3d47\" onerror=\"this.style.display='none'\" loading=\"lazy\" \/>\n\t\t\t\t<img decoding=\"async\" src=\"http:\/\/tantsuagentuur.ee\/wp-content\/uploads\/2018\/03\/6be1b21d-12bf-4440-b8d0-5756dcdd7910.jpg\" alt=\"6be1b21d-12bf-4440-b8d0-5756dcdd7910\" itemprop=\"image\" title=\"6be1b21d-12bf-4440-b8d0-5756dcdd7910\" onerror=\"this.style.display='none'\" loading=\"lazy\" \/>\n\n","protected":false},"excerpt":{"rendered":"<p>STARLIGHT CABARET Starlight Cabaret&#8217;s Home Stage: Restaurant Merineitsi at Original Sokos Hotel Viru &nbsp; The legendary glamour meets modern elegance in a pearl-toned setting &#8211; Show &amp; Dinner Restaurant Merineitsi offers a high-class entertainment experience and a symphony of exquisite flavors on the second floor of Original Sokos Hotel Viru. &nbsp; Cabaret Nights at Merineitsi Restaurant Take place on weekends from November to February, starting at 7:00pm. &nbsp; EVENING SCHEDULE Doors open at 7:00pm, all guests are kindly asked to arrive no later than 7:15pm. Throughout the evening, Merineitsi&#8217;s gourmet chefs will serve a delicious three-course \u00e0 la carte dinner The revue show unfolds between the dinner courses After the show, guests are welcome to continue the evening at Caf\u00e9&#8230;<\/p>\n","protected":false},"author":5,"featured_media":0,"parent":0,"menu_order":0,"comment_status":"closed","ping_status":"closed","template":"full-width-page.php","meta":{"_monsterinsights_skip_tracking":false,"_monsterinsights_sitenote_active":false,"_monsterinsights_sitenote_note":"","_monsterinsights_sitenote_category":0,"footnotes":""},"class_list":["post-21172","page","type-page","status-publish","hentry"],"yoast_head":"<!-- This site is optimized with the Yoast SEO plugin v27.4 - https:\/\/yoast.com\/product\/yoast-seo-wordpress\/ -->\n<title>MERINEITSIS - Eesti Tantsuagentuur<\/title>\n<meta name=\"description\" content=\"Starlight Cabaret kostitab kabaree\u00f5htutega restoranis Merineitsi. See on k\u00f5rgetasemelist ajaviidet ja h\u00f5rke maitses\u00fcmfooniaid pakkuv elamusrestoran Original Sokos Hotel Viru teisel korrusel.\" \/>\n<meta name=\"robots\" content=\"index, follow, max-snippet:-1, max-image-preview:large, max-video-preview:-1\" \/>\n<link rel=\"canonical\" href=\"https:\/\/tantsuagentuur.ee\/en\/revue-theatre-merineitsis\/\" \/>\n<meta property=\"og:locale\" content=\"en_US\" \/>\n<meta property=\"og:type\" content=\"article\" \/>\n<meta property=\"og:title\" content=\"MERINEITSIS - Eesti Tantsuagentuur\" \/>\n<meta property=\"og:description\" content=\"Starlight Cabaret kostitab kabaree\u00f5htutega restoranis Merineitsi. See on k\u00f5rgetasemelist ajaviidet ja h\u00f5rke maitses\u00fcmfooniaid pakkuv elamusrestoran Original Sokos Hotel Viru teisel korrusel.\" \/>\n<meta property=\"og:url\" content=\"https:\/\/tantsuagentuur.ee\/en\/revue-theatre-merineitsis\/\" \/>\n<meta property=\"og:site_name\" content=\"Eesti Tantsuagentuur\" \/>\n<meta property=\"article:modified_time\" content=\"2025-09-09T20:10:10+00:00\" \/>\n<meta property=\"og:image\" content=\"http:\/\/tantsuagentuur.ee\/wp-content\/uploads\/2018\/03\/74a31a04-7417-41c7-a9fd-1c26566c3d47.png\" \/>\n<meta name=\"twitter:card\" content=\"summary_large_image\" \/>\n<meta name=\"twitter:label1\" content=\"Est. reading time\" \/>\n\t<meta name=\"twitter:data1\" content=\"3 minutes\" \/>\n<script type=\"application\/ld+json\" class=\"yoast-schema-graph\">{\"@context\":\"https:\\\/\\\/schema.org\",\"@graph\":[{\"@type\":\"WebPage\",\"@id\":\"https:\\\/\\\/tantsuagentuur.ee\\\/en\\\/revue-theatre-merineitsis\\\/\",\"url\":\"https:\\\/\\\/tantsuagentuur.ee\\\/en\\\/revue-theatre-merineitsis\\\/\",\"name\":\"MERINEITSIS - Eesti Tantsuagentuur\",\"isPartOf\":{\"@id\":\"https:\\\/\\\/tantsuagentuur.ee\\\/#website\"},\"primaryImageOfPage\":{\"@id\":\"https:\\\/\\\/tantsuagentuur.ee\\\/en\\\/revue-theatre-merineitsis\\\/#primaryimage\"},\"image\":{\"@id\":\"https:\\\/\\\/tantsuagentuur.ee\\\/en\\\/revue-theatre-merineitsis\\\/#primaryimage\"},\"thumbnailUrl\":\"http:\\\/\\\/tantsuagentuur.ee\\\/wp-content\\\/uploads\\\/2018\\\/03\\\/74a31a04-7417-41c7-a9fd-1c26566c3d47.png\",\"datePublished\":\"2025-09-09T17:13:26+00:00\",\"dateModified\":\"2025-09-09T20:10:10+00:00\",\"description\":\"Starlight Cabaret kostitab kabaree\u00f5htutega restoranis Merineitsi. See on k\u00f5rgetasemelist ajaviidet ja h\u00f5rke maitses\u00fcmfooniaid pakkuv elamusrestoran Original Sokos Hotel Viru teisel korrusel.\",\"breadcrumb\":{\"@id\":\"https:\\\/\\\/tantsuagentuur.ee\\\/en\\\/revue-theatre-merineitsis\\\/#breadcrumb\"},\"inLanguage\":\"en-US\",\"potentialAction\":[{\"@type\":\"ReadAction\",\"target\":[\"https:\\\/\\\/tantsuagentuur.ee\\\/en\\\/revue-theatre-merineitsis\\\/\"]}]},{\"@type\":\"ImageObject\",\"inLanguage\":\"en-US\",\"@id\":\"https:\\\/\\\/tantsuagentuur.ee\\\/en\\\/revue-theatre-merineitsis\\\/#primaryimage\",\"url\":\"http:\\\/\\\/tantsuagentuur.ee\\\/wp-content\\\/uploads\\\/2018\\\/03\\\/74a31a04-7417-41c7-a9fd-1c26566c3d47.png\",\"contentUrl\":\"http:\\\/\\\/tantsuagentuur.ee\\\/wp-content\\\/uploads\\\/2018\\\/03\\\/74a31a04-7417-41c7-a9fd-1c26566c3d47.png\"},{\"@type\":\"BreadcrumbList\",\"@id\":\"https:\\\/\\\/tantsuagentuur.ee\\\/en\\\/revue-theatre-merineitsis\\\/#breadcrumb\",\"itemListElement\":[{\"@type\":\"ListItem\",\"position\":1,\"name\":\"Home\",\"item\":\"https:\\\/\\\/tantsuagentuur.ee\\\/en\\\/\"},{\"@type\":\"ListItem\",\"position\":2,\"name\":\"MERINEITSIS\"}]},{\"@type\":\"WebSite\",\"@id\":\"https:\\\/\\\/tantsuagentuur.ee\\\/#website\",\"url\":\"https:\\\/\\\/tantsuagentuur.ee\\\/\",\"name\":\"Eesti Tantsuagentuur\",\"description\":\"Eesti Tantsuagentuur\",\"potentialAction\":[{\"@type\":\"SearchAction\",\"target\":{\"@type\":\"EntryPoint\",\"urlTemplate\":\"https:\\\/\\\/tantsuagentuur.ee\\\/?s={search_term_string}\"},\"query-input\":{\"@type\":\"PropertyValueSpecification\",\"valueRequired\":true,\"valueName\":\"search_term_string\"}}],\"inLanguage\":\"en-US\"}]}<\/script>\n<!-- \/ Yoast SEO plugin. -->","yoast_head_json":{"title":"MERINEITSIS - Eesti Tantsuagentuur","description":"Starlight Cabaret kostitab kabaree\u00f5htutega restoranis Merineitsi. See on k\u00f5rgetasemelist ajaviidet ja h\u00f5rke maitses\u00fcmfooniaid pakkuv elamusrestoran Original Sokos Hotel Viru teisel korrusel.","robots":{"index":"index","follow":"follow","max-snippet":"max-snippet:-1","max-image-preview":"max-image-preview:large","max-video-preview":"max-video-preview:-1"},"canonical":"https:\/\/tantsuagentuur.ee\/en\/revue-theatre-merineitsis\/","og_locale":"en_US","og_type":"article","og_title":"MERINEITSIS - Eesti Tantsuagentuur","og_description":"Starlight Cabaret kostitab kabaree\u00f5htutega restoranis Merineitsi. See on k\u00f5rgetasemelist ajaviidet ja h\u00f5rke maitses\u00fcmfooniaid pakkuv elamusrestoran Original Sokos Hotel Viru teisel korrusel.","og_url":"https:\/\/tantsuagentuur.ee\/en\/revue-theatre-merineitsis\/","og_site_name":"Eesti Tantsuagentuur","article_modified_time":"2025-09-09T20:10:10+00:00","og_image":[{"url":"http:\/\/tantsuagentuur.ee\/wp-content\/uploads\/2018\/03\/74a31a04-7417-41c7-a9fd-1c26566c3d47.png","type":"","width":"","height":""}],"twitter_card":"summary_large_image","twitter_misc":{"Est. reading time":"3 minutes"},"schema":{"@context":"https:\/\/schema.org","@graph":[{"@type":"WebPage","@id":"https:\/\/tantsuagentuur.ee\/en\/revue-theatre-merineitsis\/","url":"https:\/\/tantsuagentuur.ee\/en\/revue-theatre-merineitsis\/","name":"MERINEITSIS - Eesti Tantsuagentuur","isPartOf":{"@id":"https:\/\/tantsuagentuur.ee\/#website"},"primaryImageOfPage":{"@id":"https:\/\/tantsuagentuur.ee\/en\/revue-theatre-merineitsis\/#primaryimage"},"image":{"@id":"https:\/\/tantsuagentuur.ee\/en\/revue-theatre-merineitsis\/#primaryimage"},"thumbnailUrl":"http:\/\/tantsuagentuur.ee\/wp-content\/uploads\/2018\/03\/74a31a04-7417-41c7-a9fd-1c26566c3d47.png","datePublished":"2025-09-09T17:13:26+00:00","dateModified":"2025-09-09T20:10:10+00:00","description":"Starlight Cabaret kostitab kabaree\u00f5htutega restoranis Merineitsi. See on k\u00f5rgetasemelist ajaviidet ja h\u00f5rke maitses\u00fcmfooniaid pakkuv elamusrestoran Original Sokos Hotel Viru teisel korrusel.","breadcrumb":{"@id":"https:\/\/tantsuagentuur.ee\/en\/revue-theatre-merineitsis\/#breadcrumb"},"inLanguage":"en-US","potentialAction":[{"@type":"ReadAction","target":["https:\/\/tantsuagentuur.ee\/en\/revue-theatre-merineitsis\/"]}]},{"@type":"ImageObject","inLanguage":"en-US","@id":"https:\/\/tantsuagentuur.ee\/en\/revue-theatre-merineitsis\/#primaryimage","url":"http:\/\/tantsuagentuur.ee\/wp-content\/uploads\/2018\/03\/74a31a04-7417-41c7-a9fd-1c26566c3d47.png","contentUrl":"http:\/\/tantsuagentuur.ee\/wp-content\/uploads\/2018\/03\/74a31a04-7417-41c7-a9fd-1c26566c3d47.png"},{"@type":"BreadcrumbList","@id":"https:\/\/tantsuagentuur.ee\/en\/revue-theatre-merineitsis\/#breadcrumb","itemListElement":[{"@type":"ListItem","position":1,"name":"Home","item":"https:\/\/tantsuagentuur.ee\/en\/"},{"@type":"ListItem","position":2,"name":"MERINEITSIS"}]},{"@type":"WebSite","@id":"https:\/\/tantsuagentuur.ee\/#website","url":"https:\/\/tantsuagentuur.ee\/","name":"Eesti Tantsuagentuur","description":"Eesti Tantsuagentuur","potentialAction":[{"@type":"SearchAction","target":{"@type":"EntryPoint","urlTemplate":"https:\/\/tantsuagentuur.ee\/?s={search_term_string}"},"query-input":{"@type":"PropertyValueSpecification","valueRequired":true,"valueName":"search_term_string"}}],"inLanguage":"en-US"}]}},"_links":{"self":[{"href":"https:\/\/tantsuagentuur.ee\/en\/wp-json\/wp\/v2\/pages\/21172","targetHints":{"allow":["GET"]}}],"collection":[{"href":"https:\/\/tantsuagentuur.ee\/en\/wp-json\/wp\/v2\/pages"}],"about":[{"href":"https:\/\/tantsuagentuur.ee\/en\/wp-json\/wp\/v2\/types\/page"}],"author":[{"embeddable":true,"href":"https:\/\/tantsuagentuur.ee\/en\/wp-json\/wp\/v2\/users\/5"}],"replies":[{"embeddable":true,"href":"https:\/\/tantsuagentuur.ee\/en\/wp-json\/wp\/v2\/comments?post=21172"}],"version-history":[{"count":5,"href":"https:\/\/tantsuagentuur.ee\/en\/wp-json\/wp\/v2\/pages\/21172\/revisions"}],"predecessor-version":[{"id":21189,"href":"https:\/\/tantsuagentuur.ee\/en\/wp-json\/wp\/v2\/pages\/21172\/revisions\/21189"}],"wp:attachment":[{"href":"https:\/\/tantsuagentuur.ee\/en\/wp-json\/wp\/v2\/media?parent=21172"}],"curies":[{"name":"wp","href":"https:\/\/api.w.org\/{rel}","templated":true}]}}